{"id":314,"date":"2023-07-14T12:42:42","date_gmt":"2023-07-14T09:42:42","guid":{"rendered":"https:\/\/stancile-prutului.md\/?page_id=314"},"modified":"2023-10-02T23:13:28","modified_gmt":"2023-10-02T20:13:28","slug":"news","status":"publish","type":"page","link":"https:\/\/stancile-prutului.md\/en\/news\/","title":{"rendered":"News"},"content":{"rendered":"<div class='post-wrapper'>\n<div id=\"post-1503\" class=\"post-template \"  style=\"background-image: url(https:\/\/gal.powerit.dev\/wp-content\/uploads\/2023\/07\/detail_posts.png)\"  >\n    <div class=\"d-flex post-container\">\n        <div class=\"wrap wrap-post-thumb\">\n            \n\t\t\t<a class=\"post-thumbnail\" href=\"https:\/\/stancile-prutului.md\/en\/conditii-sanitare-mai-bune-pentru-copiii-de-la-gradinita-foisor-din-or-glodeni-en\/\" aria-hidden=\"true\" tabindex=\"-1\">\n\t\t\t\t<img src=\"https:\/\/stancile-prutului.md\/wp-content\/uploads\/2023\/07\/image11.jpg\" class=\"attachment-post-thumbnail size-post-thumbnail wp-post-image\" alt=\"Condi\u021bii sanitare mai bune pentru copiii de la gr\u0103dini\u021ba \u201eFoi\u0219or\u201d din or. Glodeni en\" decoding=\"async\" srcset=\"https:\/\/stancile-prutului.md\/wp-content\/uploads\/2023\/07\/image11.jpg 914w, https:\/\/stancile-prutului.md\/wp-content\/uploads\/2023\/07\/image11-171x300.jpg 171w, https:\/\/stancile-prutului.md\/wp-content\/uploads\/2023\/07\/image11-585x1024.jpg 585w, https:\/\/stancile-prutului.md\/wp-content\/uploads\/2023\/07\/image11-768x1344.jpg 768w, https:\/\/stancile-prutului.md\/wp-content\/uploads\/2023\/07\/image11-877x1536.jpg 877w\" sizes=\"(max-width: 914px) 100vw, 914px\" \/>\t\t\t<\/a>\n\n\t\t\t        <\/div>\n        <div class=\"wrap d-flex flex-column info-block\">\n            <div class=\"d-flex align-items-center post-utils\">\n                <div class=\"taxonomies\">\n                    <ul class=\"post-categories\">\n\t<li><a href=\"https:\/\/stancile-prutului.md\/en\/category\/news\/\" rel=\"category tag\">News<\/a><\/li><\/ul>                <\/div>\n                                    <div class=\"date\">\n                        July 19, 2023                    <\/div>\n                            <\/div>\n            <div class=\"d-flex align-items-start justify-content-center flex-column title-wrapper\">\n                <h2 class=\"title ellipsis-2\">\n                    <a href=\"https:\/\/stancile-prutului.md\/en\/conditii-sanitare-mai-bune-pentru-copiii-de-la-gradinita-foisor-din-or-glodeni-en\/\">Condi\u021bii sanitare mai bune pentru copiii de la gr\u0103dini\u021ba \u201eFoi\u0219or\u201d din or. Glodeni en<\/a>\n                <\/h2>\n            <\/div>\n            <div class=\"post-details\">\n                <div class=\"d-flex align-items-start justify-content-center flex-column\">\n                    <div class=\"description ellipsis-2\">\n                        Primul proiect realizat prin Programul LEADER 2023! Circa 25 de copii din grupa Garofi\u021ba de la IET gr\u0103dini\u021ba cre\u0219\u0103 Foi\u0219or din or. Glodeni vor frecventa gr\u0103dini\u021ba \u00een condi\u021bii mai bune gra\u021bie renov\u0103rii blocului sanitar. Lucr\u0103rile de repara\u021bie au fost posibile datorit\u0103 proiectului \u201eReparatia blocului sanitar la gradinita nr.4 din or. Glodeni (grupa Garofita)\u201d realizat de&hellip;                    <\/div>\n                <\/div>\n                <div class=\"read-more\">\n                    <a class=\"btn text-primary align-items-center\" href=\"https:\/\/stancile-prutului.md\/en\/conditii-sanitare-mai-bune-pentru-copiii-de-la-gradinita-foisor-din-or-glodeni-en\/\">\n                        Read more...                        <i class=\"icon-arrow-right\"><\/i>\n                    <\/a>\n                <\/div>\n            <\/div>\n        <\/div>\n    <\/div>\n<\/div>\n\n\n\n<div id=\"post-835\" class=\"post-template \"  style=\"background-image: url(https:\/\/gal.powerit.dev\/wp-content\/uploads\/2023\/07\/detail_posts.png)\"  >\n    <div class=\"d-flex post-container\">\n        <div class=\"wrap wrap-post-thumb\">\n            \n\t\t\t<a class=\"post-thumbnail\" href=\"https:\/\/stancile-prutului.md\/en\/gal-stancile-prutului-a-trecut-la-o-alta-etapa-de-comunicare-en\/\" aria-hidden=\"true\" tabindex=\"-1\">\n\t\t\t\t<img src=\"https:\/\/stancile-prutului.md\/wp-content\/uploads\/2023\/07\/mask-group.png\" class=\"attachment-post-thumbnail size-post-thumbnail wp-post-image\" alt=\"GAL St\u00e2ncile Prutului a trecut la o alt\u0103 etap\u0103 de comunicare \u2026 En\" decoding=\"async\" srcset=\"https:\/\/stancile-prutului.md\/wp-content\/uploads\/2023\/07\/mask-group.png 509w, https:\/\/stancile-prutului.md\/wp-content\/uploads\/2023\/07\/mask-group-300x156.png 300w\" sizes=\"(max-width: 509px) 100vw, 509px\" \/>\t\t\t<\/a>\n\n\t\t\t        <\/div>\n        <div class=\"wrap d-flex flex-column info-block\">\n            <div class=\"d-flex align-items-center post-utils\">\n                <div class=\"taxonomies\">\n                    <ul class=\"post-categories\">\n\t<li><a href=\"https:\/\/stancile-prutului.md\/en\/category\/events\/\" rel=\"category tag\">Events<\/a><\/li><\/ul>                <\/div>\n                                    <div class=\"date\">\n                        July 17, 2023                    <\/div>\n                            <\/div>\n            <div class=\"d-flex align-items-start justify-content-center flex-column title-wrapper\">\n                <h2 class=\"title ellipsis-2\">\n                    <a href=\"https:\/\/stancile-prutului.md\/en\/gal-stancile-prutului-a-trecut-la-o-alta-etapa-de-comunicare-en\/\">GAL St\u00e2ncile Prutului a trecut la o alt\u0103 etap\u0103 de comunicare \u2026 En<\/a>\n                <\/h2>\n            <\/div>\n            <div class=\"post-details\">\n                <div class=\"d-flex align-items-start justify-content-center flex-column\">\n                    <div class=\"description ellipsis-2\">\n                        Lorem Ipsum&nbsp;is simply dummy text of the printing and typesetting industry. Lorem Ipsum has been the industry's standard dummy text ever since the 1500s, when an unknown printer took a galley of type and scrambled it to make a type specimen book. It has survived not only five centuries, but also the leap into electronic&hellip;                    <\/div>\n                <\/div>\n                <div class=\"read-more\">\n                    <a class=\"btn text-primary align-items-center\" href=\"https:\/\/stancile-prutului.md\/en\/gal-stancile-prutului-a-trecut-la-o-alta-etapa-de-comunicare-en\/\">\n                        Read more...                        <i class=\"icon-arrow-right\"><\/i>\n                    <\/a>\n                <\/div>\n            <\/div>\n        <\/div>\n    <\/div>\n<\/div>\n\n\n\n<div id=\"post-844\" class=\"post-template \"  style=\"background-image: url(https:\/\/gal.powerit.dev\/wp-content\/uploads\/2023\/07\/detail_posts.png)\"  >\n    <div class=\"d-flex post-container\">\n        <div class=\"wrap wrap-post-thumb\">\n            \n\t\t\t<a class=\"post-thumbnail\" href=\"https:\/\/stancile-prutului.md\/en\/va-prezentam-lista-proiectelor-selectate-de-asociatia-gal-lista-proiectelor-en\/\" aria-hidden=\"true\" tabindex=\"-1\">\n\t\t\t\t<img src=\"https:\/\/stancile-prutului.md\/wp-content\/uploads\/2023\/07\/image13.jpg\" class=\"attachment-post-thumbnail size-post-thumbnail wp-post-image\" alt=\"V\u0103 prezent\u0103m lista proiectelor selectate de Asocia\u021bia GAL lista proiectelor En\" decoding=\"async\" srcset=\"https:\/\/stancile-prutului.md\/wp-content\/uploads\/2023\/07\/image13.jpg 656w, https:\/\/stancile-prutului.md\/wp-content\/uploads\/2023\/07\/image13-300x188.jpg 300w\" sizes=\"(max-width: 656px) 100vw, 656px\" \/>\t\t\t<\/a>\n\n\t\t\t        <\/div>\n        <div class=\"wrap d-flex flex-column info-block\">\n            <div class=\"d-flex align-items-center post-utils\">\n                <div class=\"taxonomies\">\n                    <ul class=\"post-categories\">\n\t<li><a href=\"https:\/\/stancile-prutului.md\/en\/category\/news\/\" rel=\"category tag\">News<\/a><\/li><\/ul>                <\/div>\n                                    <div class=\"date\">\n                        July 16, 2023                    <\/div>\n                            <\/div>\n            <div class=\"d-flex align-items-start justify-content-center flex-column title-wrapper\">\n                <h2 class=\"title ellipsis-2\">\n                    <a href=\"https:\/\/stancile-prutului.md\/en\/va-prezentam-lista-proiectelor-selectate-de-asociatia-gal-lista-proiectelor-en\/\">V\u0103 prezent\u0103m lista proiectelor selectate de Asocia\u021bia GAL lista proiectelor En<\/a>\n                <\/h2>\n            <\/div>\n            <div class=\"post-details\">\n                <div class=\"d-flex align-items-start justify-content-center flex-column\">\n                    <div class=\"description ellipsis-2\">\n                        Rezerva\u021bia Codrii prezint\u0103 un element de identificare pentru neamul nostru \u2013 cea mai veche \u0219i bogat\u0103 rezerva\u0163ie \u015ftiin\u0163ific\u0103 din Moldova un element de identificare pentru neamul nostru \u2013 cea mai veche \u0219i bogat\u0103 rezerva\u0163ie \u015ftiin\u0163ific\u0103 din Moldovade identificare pentru neamul nostru \u2013 cea mai veche \u0219i bogat\u0103 rezerva\u0163ie \u015ftiin\u0163ific\u0103 din Moldova un element de identificare&hellip;                    <\/div>\n                <\/div>\n                <div class=\"read-more\">\n                    <a class=\"btn text-primary align-items-center\" href=\"https:\/\/stancile-prutului.md\/en\/va-prezentam-lista-proiectelor-selectate-de-asociatia-gal-lista-proiectelor-en\/\">\n                        Read more...                        <i class=\"icon-arrow-right\"><\/i>\n                    <\/a>\n                <\/div>\n            <\/div>\n        <\/div>\n    <\/div>\n<\/div>\n\n\n<\/div><div class='pagination'><\/div>\n","protected":false},"excerpt":{"rendered":"","protected":false},"author":1,"featured_media":0,"parent":0,"menu_order":0,"comment_status":"closed","ping_status":"closed","template":"templates\/template-comunicate.php","meta":{"_tec_requires_first_save":true,"inline_featured_image":false,"ub_ctt_via":"","_EventAllDay":false,"_EventTimezone":"","_EventStartDate":"","_EventEndDate":"","_EventStartDateUTC":"","_EventEndDateUTC":"","_EventShowMap":false,"_EventShowMapLink":false,"_EventURL":"","_EventCost":"","_EventCostDescription":"","_EventCurrencySymbol":"","_EventCurrencyCode":"","_EventCurrencyPosition":"","_EventDateTimeSeparator":"","_EventTimeRangeSeparator":"","_EventOrganizerID":[],"_EventVenueID":[],"_OrganizerEmail":"","_OrganizerPhone":"","_OrganizerWebsite":"","_VenueAddress":"","_VenueCity":"","_VenueCountry":"","_VenueProvince":"","_VenueState":"","_VenueZip":"","_VenuePhone":"","_VenueURL":"","_VenueStateProvince":"","_VenueLat":"","_VenueLng":"","_VenueShowMap":false,"_VenueShowMapLink":false,"_tribe_blocks_recurrence_rules":"","_tribe_blocks_recurrence_description":"","_tribe_blocks_recurrence_exclusions":"","footnotes":""},"featured_image_src":null,"jetpack_sharing_enabled":true,"acf":[],"_links":{"self":[{"href":"https:\/\/stancile-prutului.md\/en\/wp-json\/wp\/v2\/pages\/314"}],"collection":[{"href":"https:\/\/stancile-prutului.md\/en\/wp-json\/wp\/v2\/pages"}],"about":[{"href":"https:\/\/stancile-prutului.md\/en\/wp-json\/wp\/v2\/types\/page"}],"author":[{"embeddable":true,"href":"https:\/\/stancile-prutului.md\/en\/wp-json\/wp\/v2\/users\/1"}],"replies":[{"embeddable":true,"href":"https:\/\/stancile-prutului.md\/en\/wp-json\/wp\/v2\/comments?post=314"}],"version-history":[{"count":6,"href":"https:\/\/stancile-prutului.md\/en\/wp-json\/wp\/v2\/pages\/314\/revisions"}],"predecessor-version":[{"id":1895,"href":"https:\/\/stancile-prutului.md\/en\/wp-json\/wp\/v2\/pages\/314\/revisions\/1895"}],"wp:attachment":[{"href":"https:\/\/stancile-prutului.md\/en\/wp-json\/wp\/v2\/media?parent=314"}],"curies":[{"name":"wp","href":"https:\/\/api.w.org\/{rel}","templated":true}]}}