{"id":1022,"date":"2023-08-04T00:15:47","date_gmt":"2023-08-03T21:15:47","guid":{"rendered":"https:\/\/stancile-prutului.md\/?page_id=1022"},"modified":"2023-10-02T23:14:40","modified_gmt":"2023-10-02T20:14:40","slug":"projects","status":"publish","type":"page","link":"https:\/\/stancile-prutului.md\/en\/projects\/","title":{"rendered":"Projects"},"content":{"rendered":"<div class='proiecte-wrapper'>\r\n<div class=\"col-project archive-project  wrap\">\r\n    <div class=\"wrap-image\">\r\n        \n\t\t\t<a class=\"post-thumbnail\" href=\"https:\/\/stancile-prutului.md\/en\/post-proiecte\/procurarea-tocatorului-de-furaje-pentru-maruntirea-hranei-pentru-porci\/\" aria-hidden=\"true\" tabindex=\"-1\">\n\t\t\t\t<img src=\"https:\/\/stancile-prutului.md\/wp-content\/uploads\/2023\/12\/383183266_664422615691735_2214836716018085301_n.jpg\" class=\"attachment-post-thumbnail size-post-thumbnail wp-post-image\" alt=\"Procurarea toc\u0103torului de furaje pentru m\u0103run\u021birea hranei pentru porci\" decoding=\"async\" srcset=\"https:\/\/stancile-prutului.md\/wp-content\/uploads\/2023\/12\/383183266_664422615691735_2214836716018085301_n.jpg 1200w, https:\/\/stancile-prutului.md\/wp-content\/uploads\/2023\/12\/383183266_664422615691735_2214836716018085301_n-225x300.jpg 225w, https:\/\/stancile-prutului.md\/wp-content\/uploads\/2023\/12\/383183266_664422615691735_2214836716018085301_n-768x1024.jpg 768w, https:\/\/stancile-prutului.md\/wp-content\/uploads\/2023\/12\/383183266_664422615691735_2214836716018085301_n-1152x1536.jpg 1152w\" sizes=\"(max-width: 1200px) 100vw, 1200px\" \/>\t\t\t<\/a>\n\n\t\t\t        <div class=\"project-data\">\r\n            <div class=\"project-data-item project-category\">\r\n                <div class=\"p-wrap\">\r\n                    <span class=\"left\">Category:<\/span>\r\n                    <span class=\"right\">\r\n                    <p class=\"taxonomy\"> <a class=\"category-link\" href=\"https:\/\/stancile-prutului.md\/en\/proiecte-category\/completed-projects\/\">Completed projects<\/a><\/p>                    <\/span>\r\n                <\/div>\r\n            <\/div>\r\n            <div class=\"project-data-item project-beneficiar\">\r\n                <p class=\"p-wrap\"><span class=\"left\">Beneficiary:<\/span><span class=\"right\"><\/span><\/p>\r\n            <\/div>\r\n        <\/div>\r\n    <\/div>\r\n    <div class=\"wrap-detail\">\r\n        <div class=\"project-detail decoration\">\r\n            <img src=\"https:\/\/stancile-prutului.md\/wp-content\/themes\/twenty-twenty-one-child\/assets\/images\/decoration_post.png\" alt=\"decoration\">\r\n        <\/div>\r\n        <div class=\"project-detail heading\">\r\n            <h3>\r\n                <a class=\"\" href=\"https:\/\/stancile-prutului.md\/en\/post-proiecte\/procurarea-tocatorului-de-furaje-pentru-maruntirea-hranei-pentru-porci\/\">\r\n                    Procurarea toc\u0103torului de furaje pentru m\u0103run\u021birea hranei pentru porci                <\/a>\r\n            <\/h3>\r\n        <\/div>\r\n        <div class=\"project-detail detail\">\r\n            <p>Investi\u021bia a fost finan\u0163at\u0103 din Programul de stat LEADER cu ajutorul fondurilor nerambursabile din FNDAMR \u00cen cadrul proiectului a fost&hellip;<\/p>\r\n        <\/div>\r\n        <a class=\"link project-link\" href=\"https:\/\/stancile-prutului.md\/en\/post-proiecte\/procurarea-tocatorului-de-furaje-pentru-maruntirea-hranei-pentru-porci\/\"><i class=\"icon-arrow-right\"><\/i><\/a>\r\n    <\/div>\r\n<\/div>\r\n<div class=\"col-project archive-project  wrap\">\r\n    <div class=\"wrap-image\">\r\n        \n\t\t\t<a class=\"post-thumbnail\" href=\"https:\/\/stancile-prutului.md\/en\/post-proiecte\/constructia-transeei-pentru-producerea-si-pastrarea-silozului\/\" aria-hidden=\"true\" tabindex=\"-1\">\n\t\t\t\t<img src=\"https:\/\/stancile-prutului.md\/wp-content\/uploads\/2023\/12\/387632654_872450000892701_8450797301142176541_n.jpg\" class=\"attachment-post-thumbnail size-post-thumbnail wp-post-image\" alt=\"Construc\u021bia tran\u0219eei pentru producerea \u0219i p\u0103strarea silozului.\" decoding=\"async\" srcset=\"https:\/\/stancile-prutului.md\/wp-content\/uploads\/2023\/12\/387632654_872450000892701_8450797301142176541_n.jpg 1536w, https:\/\/stancile-prutului.md\/wp-content\/uploads\/2023\/12\/387632654_872450000892701_8450797301142176541_n-225x300.jpg 225w, https:\/\/stancile-prutului.md\/wp-content\/uploads\/2023\/12\/387632654_872450000892701_8450797301142176541_n-768x1024.jpg 768w, https:\/\/stancile-prutului.md\/wp-content\/uploads\/2023\/12\/387632654_872450000892701_8450797301142176541_n-1152x1536.jpg 1152w\" sizes=\"(max-width: 1536px) 100vw, 1536px\" \/>\t\t\t<\/a>\n\n\t\t\t        <div class=\"project-data\">\r\n            <div class=\"project-data-item project-category\">\r\n                <div class=\"p-wrap\">\r\n                    <span class=\"left\">Category:<\/span>\r\n                    <span class=\"right\">\r\n                    <p class=\"taxonomy\"> <a class=\"category-link\" href=\"https:\/\/stancile-prutului.md\/en\/proiecte-category\/completed-projects\/\">Completed projects<\/a><\/p>                    <\/span>\r\n                <\/div>\r\n            <\/div>\r\n            <div class=\"project-data-item project-beneficiar\">\r\n                <p class=\"p-wrap\"><span class=\"left\">Beneficiary:<\/span><span class=\"right\"><\/span><\/p>\r\n            <\/div>\r\n        <\/div>\r\n    <\/div>\r\n    <div class=\"wrap-detail\">\r\n        <div class=\"project-detail decoration\">\r\n            <img src=\"https:\/\/stancile-prutului.md\/wp-content\/themes\/twenty-twenty-one-child\/assets\/images\/decoration_post.png\" alt=\"decoration\">\r\n        <\/div>\r\n        <div class=\"project-detail heading\">\r\n            <h3>\r\n                <a class=\"\" href=\"https:\/\/stancile-prutului.md\/en\/post-proiecte\/constructia-transeei-pentru-producerea-si-pastrarea-silozului\/\">\r\n                    Construc\u021bia tran\u0219eei pentru producerea \u0219i p\u0103strarea silozului.                <\/a>\r\n            <\/h3>\r\n        <\/div>\r\n        <div class=\"project-detail detail\">\r\n            <p>Investi\u021bia a fost finan\u0163at\u0103 din Programul de stat LEADER cu ajutorul fondurilor nerambursabile din FNDAMR Conform proiectului dat s-a construit&hellip;<\/p>\r\n        <\/div>\r\n        <a class=\"link project-link\" href=\"https:\/\/stancile-prutului.md\/en\/post-proiecte\/constructia-transeei-pentru-producerea-si-pastrarea-silozului\/\"><i class=\"icon-arrow-right\"><\/i><\/a>\r\n    <\/div>\r\n<\/div>\r\n<div class=\"col-project archive-project  wrap\">\r\n    <div class=\"wrap-image\">\r\n        \n\t\t\t<a class=\"post-thumbnail\" href=\"https:\/\/stancile-prutului.md\/en\/post-proiecte\/dotarea-brutariei-cu-utilaj-de-feliat-si-ambalat\/\" aria-hidden=\"true\" tabindex=\"-1\">\n\t\t\t\t<img src=\"https:\/\/stancile-prutului.md\/wp-content\/uploads\/2023\/09\/proiect-6-srl-iunalis-agro.jpg\" class=\"attachment-post-thumbnail size-post-thumbnail wp-post-image\" alt=\"Dotarea brut\u0103riei cu utilaj de feliat \u0219i ambalat\" decoding=\"async\" srcset=\"https:\/\/stancile-prutului.md\/wp-content\/uploads\/2023\/09\/proiect-6-srl-iunalis-agro.jpg 900w, https:\/\/stancile-prutului.md\/wp-content\/uploads\/2023\/09\/proiect-6-srl-iunalis-agro-300x169.jpg 300w, https:\/\/stancile-prutului.md\/wp-content\/uploads\/2023\/09\/proiect-6-srl-iunalis-agro-768x432.jpg 768w\" sizes=\"(max-width: 900px) 100vw, 900px\" \/>\t\t\t<\/a>\n\n\t\t\t        <div class=\"project-data\">\r\n            <div class=\"project-data-item project-category\">\r\n                <div class=\"p-wrap\">\r\n                    <span class=\"left\">Category:<\/span>\r\n                    <span class=\"right\">\r\n                    <p class=\"taxonomy\"> <a class=\"category-link\" href=\"https:\/\/stancile-prutului.md\/en\/proiecte-category\/completed-projects\/\">Completed projects<\/a><\/p>                    <\/span>\r\n                <\/div>\r\n            <\/div>\r\n            <div class=\"project-data-item project-beneficiar\">\r\n                <p class=\"p-wrap\"><span class=\"left\">Beneficiary:<\/span><span class=\"right\">S.R.L. \u201eIunalis-Agro\u201d<\/span><\/p>\r\n            <\/div>\r\n        <\/div>\r\n    <\/div>\r\n    <div class=\"wrap-detail\">\r\n        <div class=\"project-detail decoration\">\r\n            <img src=\"https:\/\/stancile-prutului.md\/wp-content\/themes\/twenty-twenty-one-child\/assets\/images\/decoration_post.png\" alt=\"decoration\">\r\n        <\/div>\r\n        <div class=\"project-detail heading\">\r\n            <h3>\r\n                <a class=\"\" href=\"https:\/\/stancile-prutului.md\/en\/post-proiecte\/dotarea-brutariei-cu-utilaj-de-feliat-si-ambalat\/\">\r\n                    Dotarea brut\u0103riei cu utilaj de feliat \u0219i ambalat                <\/a>\r\n            <\/h3>\r\n        <\/div>\r\n        <div class=\"project-detail detail\">\r\n            <p>Investi\u021bia a fost finan\u0163at\u0103 din Programul de stat LEADER cu ajutorul fondurilor nerambursabile din FNDAMR Implementarea proiectului a oferit sus\u021binere&hellip;<\/p>\r\n        <\/div>\r\n        <a class=\"link project-link\" href=\"https:\/\/stancile-prutului.md\/en\/post-proiecte\/dotarea-brutariei-cu-utilaj-de-feliat-si-ambalat\/\"><i class=\"icon-arrow-right\"><\/i><\/a>\r\n    <\/div>\r\n<\/div>\r\n<div class=\"col-project archive-project  wrap\">\r\n    <div class=\"wrap-image\">\r\n        \n\t\t\t<a class=\"post-thumbnail\" href=\"https:\/\/stancile-prutului.md\/en\/post-proiecte\/agricultura-moderna-continuitate\/\" aria-hidden=\"true\" tabindex=\"-1\">\n\t\t\t\t<img src=\"https:\/\/stancile-prutului.md\/wp-content\/uploads\/2023\/09\/proiect-5-gt-neamtu-mihail.jpg\" class=\"attachment-post-thumbnail size-post-thumbnail wp-post-image\" alt=\"Agricultura modern\u0103- continuitate\" decoding=\"async\" srcset=\"https:\/\/stancile-prutului.md\/wp-content\/uploads\/2023\/09\/proiect-5-gt-neamtu-mihail.jpg 900w, https:\/\/stancile-prutului.md\/wp-content\/uploads\/2023\/09\/proiect-5-gt-neamtu-mihail-300x169.jpg 300w, https:\/\/stancile-prutului.md\/wp-content\/uploads\/2023\/09\/proiect-5-gt-neamtu-mihail-768x432.jpg 768w\" sizes=\"(max-width: 900px) 100vw, 900px\" \/>\t\t\t<\/a>\n\n\t\t\t        <div class=\"project-data\">\r\n            <div class=\"project-data-item project-category\">\r\n                <div class=\"p-wrap\">\r\n                    <span class=\"left\">Category:<\/span>\r\n                    <span class=\"right\">\r\n                    <p class=\"taxonomy\"> <a class=\"category-link\" href=\"https:\/\/stancile-prutului.md\/proiecte-category\/proiecte-realizate\/\">Proiecte realizate<\/a><\/p>                    <\/span>\r\n                <\/div>\r\n            <\/div>\r\n            <div class=\"project-data-item project-beneficiar\">\r\n                <p class=\"p-wrap\"><span class=\"left\">Beneficiary:<\/span><span class=\"right\">Gospod\u0103ria \u021a\u0103r\u0103neasc\u0103 \u201eNeam\u021bu Mihail Ion\u201d<\/span><\/p>\r\n            <\/div>\r\n        <\/div>\r\n    <\/div>\r\n    <div class=\"wrap-detail\">\r\n        <div class=\"project-detail decoration\">\r\n            <img src=\"https:\/\/stancile-prutului.md\/wp-content\/themes\/twenty-twenty-one-child\/assets\/images\/decoration_post.png\" alt=\"decoration\">\r\n        <\/div>\r\n        <div class=\"project-detail heading\">\r\n            <h3>\r\n                <a class=\"\" href=\"https:\/\/stancile-prutului.md\/en\/post-proiecte\/agricultura-moderna-continuitate\/\">\r\n                    Agricultura modern\u0103- continuitate                <\/a>\r\n            <\/h3>\r\n        <\/div>\r\n        <div class=\"project-detail detail\">\r\n            <p>Investi\u021bia a fost finan\u0163at\u0103 din Programul de stat LEADER cu ajutorul fondurilor nerambursabile din FNDAMR \u00cen cadrul proiectului au fost&hellip;<\/p>\r\n        <\/div>\r\n        <a class=\"link project-link\" href=\"https:\/\/stancile-prutului.md\/en\/post-proiecte\/agricultura-moderna-continuitate\/\"><i class=\"icon-arrow-right\"><\/i><\/a>\r\n    <\/div>\r\n<\/div><\/div><div class='pagination'><ul class='page-numbers'>\n\t<li><span aria-current=\"page\" class=\"page-numbers current\">1<\/span><\/li>\n\t<li><a class=\"page-numbers\" href=\"https:\/\/stancile-prutului.md\/en\/wp-json\/wp\/v2\/pages\/1022\/page\/2\/\">2<\/a><\/li>\n\t<li><a class=\"page-numbers\" href=\"https:\/\/stancile-prutului.md\/en\/wp-json\/wp\/v2\/pages\/1022\/page\/3\/\">3<\/a><\/li>\n\t<li><a class=\"next page-numbers\" href=\"https:\/\/stancile-prutului.md\/en\/wp-json\/wp\/v2\/pages\/1022\/page\/2\/\"><i class=\"icon-arrow-right\"><\/i><\/a><\/li>\n<\/ul>\n<\/div>\n","protected":false},"excerpt":{"rendered":"","protected":false},"author":1,"featured_media":0,"parent":0,"menu_order":0,"comment_status":"closed","ping_status":"closed","template":"templates\/template-proiecte.php","meta":{"_tec_requires_first_save":true,"inline_featured_image":false,"ub_ctt_via":"","_EventAllDay":false,"_EventTimezone":"","_EventStartDate":"","_EventEndDate":"","_EventStartDateUTC":"","_EventEndDateUTC":"","_EventShowMap":false,"_EventShowMapLink":false,"_EventURL":"","_EventCost":"","_EventCostDescription":"","_EventCurrencySymbol":"","_EventCurrencyCode":"","_EventCurrencyPosition":"","_EventDateTimeSeparator":"","_EventTimeRangeSeparator":"","_EventOrganizerID":[],"_EventVenueID":[],"_OrganizerEmail":"","_OrganizerPhone":"","_OrganizerWebsite":"","_VenueAddress":"","_VenueCity":"","_VenueCountry":"","_VenueProvince":"","_VenueState":"","_VenueZip":"","_VenuePhone":"","_VenueURL":"","_VenueStateProvince":"","_VenueLat":"","_VenueLng":"","_VenueShowMap":false,"_VenueShowMapLink":false,"_tribe_blocks_recurrence_rules":"","_tribe_blocks_recurrence_description":"","_tribe_blocks_recurrence_exclusions":"","footnotes":""},"featured_image_src":null,"jetpack_sharing_enabled":true,"acf":[],"_links":{"self":[{"href":"https:\/\/stancile-prutului.md\/en\/wp-json\/wp\/v2\/pages\/1022"}],"collection":[{"href":"https:\/\/stancile-prutului.md\/en\/wp-json\/wp\/v2\/pages"}],"about":[{"href":"https:\/\/stancile-prutului.md\/en\/wp-json\/wp\/v2\/types\/page"}],"author":[{"embeddable":true,"href":"https:\/\/stancile-prutului.md\/en\/wp-json\/wp\/v2\/users\/1"}],"replies":[{"embeddable":true,"href":"https:\/\/stancile-prutului.md\/en\/wp-json\/wp\/v2\/comments?post=1022"}],"version-history":[{"count":3,"href":"https:\/\/stancile-prutului.md\/en\/wp-json\/wp\/v2\/pages\/1022\/revisions"}],"predecessor-version":[{"id":2110,"href":"https:\/\/stancile-prutului.md\/en\/wp-json\/wp\/v2\/pages\/1022\/revisions\/2110"}],"wp:attachment":[{"href":"https:\/\/stancile-prutului.md\/en\/wp-json\/wp\/v2\/media?parent=1022"}],"curies":[{"name":"wp","href":"https:\/\/api.w.org\/{rel}","templated":true}]}}